{"id":53,"date":"2020-09-16T11:15:19","date_gmt":"2020-09-16T11:15:19","guid":{"rendered":"https:\/\/sabormarinoamazonas.com\/?page_id=53"},"modified":"2022-08-09T23:26:21","modified_gmt":"2022-08-09T23:26:21","slug":"about","status":"publish","type":"page","link":"https:\/\/sabormarinoamazonas.com\/?page_id=53","title":{"rendered":"Nosotros"},"content":{"rendered":"\n<div class=\"wp-block-cover alignfull\" style=\"min-height:500px\"><span aria-hidden=\"true\" class=\"wp-block-cover__background has-ast-global-color-3-background-color has-background-dim-70 has-background-dim\"><\/span><img loading=\"lazy\" width=\"1920\" height=\"500\" class=\"wp-block-cover__image-background wp-image-41\" alt=\"\" src=\"http:\/\/sabormarinoamazonas.com\/wp-content\/uploads\/2020\/09\/About-us-banner.jpg\" data-object-fit=\"cover\" srcset=\"https:\/\/sabormarinoamazonas.com\/wp-content\/uploads\/2020\/09\/About-us-banner.jpg 1920w, https:\/\/sabormarinoamazonas.com\/wp-content\/uploads\/2020\/09\/About-us-banner-300x78.jpg 300w, https:\/\/sabormarinoamazonas.com\/wp-content\/uploads\/2020\/09\/About-us-banner-1024x267.jpg 1024w, https:\/\/sabormarinoamazonas.com\/wp-content\/uploads\/2020\/09\/About-us-banner-768x200.jpg 768w, https:\/\/sabormarinoamazonas.com\/wp-content\/uploads\/2020\/09\/About-us-banner-1536x400.jpg 1536w\" sizes=\"(max-width: 1920px) 100vw, 1920px\" \/><div class=\"wp-block-cover__inner-container\">\n<h1 class=\"has-text-color\" style=\"color:#ffffff\">Nosotros.<\/h1>\n\n\n\n<figure class=\"wp-block-image size-large\"><img src=\"http:\/\/sabormarinoamazonas.com\/wp-content\/uploads\/2020\/09\/frill-free-img.png\" alt=\"\" class=\"wp-image-4\"\/><\/figure>\n<\/div><\/div>\n\n\n\n<div class=\"wp-container-6 wp-block-group alignfull has-ast-global-color-5-background-color has-background\"><div class=\"wp-block-group__inner-container\">\n<div class=\"wp-container-5 wp-block-columns alignwide are-vertically-aligned-center\">\n<div class=\"wp-container-1 wp-block-column is-vertically-aligned-center\">\n<p class=\"has-medium-font-size\">Somos un restaurante con el sabor caracter\u00edstico que el amor y pasi\u00f3n le da a las comidas. Especialistas en platos regionales que podr\u00e1s disfrutar en un ambiente amenizado y m\u00fasica popular.\u00a0<br>Los platos son GRANDES, GENEROSOS y FRESCOS. El Lugar perfecto para disfrutar de cantidades grandes para calmar el hambre.<\/p>\n\n\n\n<p class=\"has-medium-font-size\">ESPECIALIDAD EN PESCADOS Y MARISCOS<\/p>\n<\/div>\n\n\n\n<div class=\"wp-container-4 wp-block-column is-vertically-aligned-center\">\n<figure class=\"wp-container-3 wp-block-gallery-2 wp-block-gallery aligncenter has-nested-images columns-3\">\n<figure class=\"wp-block-image size-large\"><img loading=\"lazy\" width=\"1605\" height=\"2560\" src=\"https:\/\/sabormarinoamazonas.com\/wp-content\/uploads\/2022\/08\/20220327014815_IMG_4390-edited-1-scaled.jpg\" alt=\"\" class=\"wp-image-1819\" srcset=\"https:\/\/sabormarinoamazonas.com\/wp-content\/uploads\/2022\/08\/20220327014815_IMG_4390-edited-1-scaled.jpg 1605w, https:\/\/sabormarinoamazonas.com\/wp-content\/uploads\/2022\/08\/20220327014815_IMG_4390-edited-1-188x300.jpg 188w, https:\/\/sabormarinoamazonas.com\/wp-content\/uploads\/2022\/08\/20220327014815_IMG_4390-edited-1-642x1024.jpg 642w, https:\/\/sabormarinoamazonas.com\/wp-content\/uploads\/2022\/08\/20220327014815_IMG_4390-edited-1-768x1225.jpg 768w, https:\/\/sabormarinoamazonas.com\/wp-content\/uploads\/2022\/08\/20220327014815_IMG_4390-edited-1-963x1536.jpg 963w, https:\/\/sabormarinoamazonas.com\/wp-content\/uploads\/2022\/08\/20220327014815_IMG_4390-edited-1-1284x2048.jpg 1284w\" sizes=\"(max-width: 1605px) 100vw, 1605px\" \/><\/figure>\n\n\n\n<figure class=\"wp-block-image size-large\"><img loading=\"lazy\" width=\"1606\" height=\"2560\" src=\"https:\/\/sabormarinoamazonas.com\/wp-content\/uploads\/2022\/08\/20220327014438_IMG_4380-edited-2-scaled.jpg\" alt=\"\" class=\"wp-image-1822\" srcset=\"https:\/\/sabormarinoamazonas.com\/wp-content\/uploads\/2022\/08\/20220327014438_IMG_4380-edited-2-scaled.jpg 1606w, https:\/\/sabormarinoamazonas.com\/wp-content\/uploads\/2022\/08\/20220327014438_IMG_4380-edited-2-188x300.jpg 188w, https:\/\/sabormarinoamazonas.com\/wp-content\/uploads\/2022\/08\/20220327014438_IMG_4380-edited-2-642x1024.jpg 642w, https:\/\/sabormarinoamazonas.com\/wp-content\/uploads\/2022\/08\/20220327014438_IMG_4380-edited-2-768x1224.jpg 768w, https:\/\/sabormarinoamazonas.com\/wp-content\/uploads\/2022\/08\/20220327014438_IMG_4380-edited-2-963x1536.jpg 963w, https:\/\/sabormarinoamazonas.com\/wp-content\/uploads\/2022\/08\/20220327014438_IMG_4380-edited-2-1285x2048.jpg 1285w\" sizes=\"(max-width: 1606px) 100vw, 1606px\" \/><\/figure>\n\n\n\n<figure class=\"wp-block-image size-large\"><img loading=\"lazy\" width=\"793\" height=\"1266\" src=\"https:\/\/sabormarinoamazonas.com\/wp-content\/uploads\/2022\/08\/Chicharron-de-Pota-edited.jpg\" alt=\"\" class=\"wp-image-1823\" srcset=\"https:\/\/sabormarinoamazonas.com\/wp-content\/uploads\/2022\/08\/Chicharron-de-Pota-edited.jpg 793w, https:\/\/sabormarinoamazonas.com\/wp-content\/uploads\/2022\/08\/Chicharron-de-Pota-edited-188x300.jpg 188w, https:\/\/sabormarinoamazonas.com\/wp-content\/uploads\/2022\/08\/Chicharron-de-Pota-edited-641x1024.jpg 641w, https:\/\/sabormarinoamazonas.com\/wp-content\/uploads\/2022\/08\/Chicharron-de-Pota-edited-768x1226.jpg 768w\" sizes=\"(max-width: 793px) 100vw, 793px\" \/><\/figure>\n<\/figure>\n<\/div>\n<\/div>\n<\/div><\/div>\n\n\n\n<div class=\"wp-block-cover alignfull has-parallax\" style=\"background-image:url(http:\/\/sabormarinoamazonas.com\/wp-content\/uploads\/2022\/06\/20220327013435_IMG_4349-1-scaled.jpg);min-height:100vh\"><span aria-hidden=\"true\" class=\"wp-block-cover__background has-ast-global-color-3-background-color has-background-dim-60 has-background-dim\"><\/span><div class=\"wp-block-cover__inner-container\">\n<h2 class=\"has-text-align-center has-text-color\" style=\"color:#ffffff\">Nuestro Chef<\/h2>\n\n\n\n<figure class=\"wp-block-image aligncenter size-large\"><img src=\"http:\/\/sabormarinoamazonas.com\/wp-content\/uploads\/2020\/09\/frill-free-img.png\" alt=\"\" class=\"wp-image-4\"\/><\/figure>\n\n\n\n<div class=\"wp-container-11 wp-block-columns alignwide\">\n<div class=\"wp-container-7 wp-block-column\"><\/div>\n\n\n\n<div class=\"wp-container-9 wp-block-column\">\n<div class=\"wp-block-cover is-light has-custom-content-position is-position-bottom-left\" style=\"min-height:380px\"><span aria-hidden=\"true\" class=\"wp-block-cover__background has-ast-global-color-3-background-color has-background-dim-20 has-background-dim\"><\/span><img loading=\"lazy\" width=\"756\" height=\"757\" class=\"wp-block-cover__image-background wp-image-1692\" alt=\"\" src=\"http:\/\/sabormarinoamazonas.com\/wp-content\/uploads\/2022\/07\/67473457_2410333799048067_2945690228901281792_n-1-edited.jpg\" data-object-fit=\"cover\" srcset=\"https:\/\/sabormarinoamazonas.com\/wp-content\/uploads\/2022\/07\/67473457_2410333799048067_2945690228901281792_n-1-edited.jpg 756w, https:\/\/sabormarinoamazonas.com\/wp-content\/uploads\/2022\/07\/67473457_2410333799048067_2945690228901281792_n-1-edited-300x300.jpg 300w, https:\/\/sabormarinoamazonas.com\/wp-content\/uploads\/2022\/07\/67473457_2410333799048067_2945690228901281792_n-1-edited-150x150.jpg 150w\" sizes=\"(max-width: 756px) 100vw, 756px\" \/><div class=\"wp-block-cover__inner-container\">\n<div class=\"wp-container-8 wp-block-group has-white-color has-text-color\"><div class=\"wp-block-group__inner-container\">\n<h4 class=\"has-text-color\" style=\"color:#ffffff\">Cesareo Camus Avalos<\/h4>\n\n\n\n<p>Fundador y chef<\/p>\n<\/div><\/div>\n<\/div><\/div>\n<\/div>\n\n\n\n<div class=\"wp-container-10 wp-block-column\"><\/div>\n<\/div>\n\n\n\n<div class=\"wp-container-14 wp-block-columns alignwide\">\n<div class=\"wp-container-12 wp-block-column\"><\/div>\n\n\n\n<div class=\"wp-container-13 wp-block-column\"><\/div>\n<\/div>\n<\/div><\/div>\n\n\n\n<div class=\"wp-container-20 wp-block-group alignfull has-ast-global-color-4-background-color has-background\"><div class=\"wp-block-group__inner-container\">\n<h2>Amenidades<\/h2>\n\n\n\n<div class=\"wp-container-19 wp-block-columns alignwide\">\n<div class=\"wp-container-15 wp-block-column\">\n<p class=\"has-large-font-size\">Platos T\u00edpicos<\/p>\n<\/div>\n\n\n\n<div class=\"wp-container-16 wp-block-column\">\n<p class=\"has-large-font-size\">Buen Ambiente<\/p>\n<\/div>\n\n\n\n<div class=\"wp-container-17 wp-block-column\">\n<p class=\"has-large-font-size\">M\u00fasica Popular<\/p>\n<\/div>\n\n\n\n<div class=\"wp-container-18 wp-block-column\">\n<p class=\"has-large-font-size\">Estacionamiento<\/p>\n<\/div>\n<\/div>\n<\/div><\/div>\n\n\n\n<p><\/p>\n","protected":false},"excerpt":{"rendered":"<p>Somos un restaurante con el sabor caracter\u00edstico que el amor y pasi\u00f3n le da a las comidas. Especialistas en platos regionales que podr\u00e1s disfrutar en un ambiente amenizado y m\u00fasica popular.\u00a0Los platos son GRANDES, GENEROSOS y FRESCOS. El Lugar perfecto para disfrutar de cantidades grandes para calmar el hambre. ESPECIALIDAD EN PESCADOS Y MARISCOS Amenidades &hellip;<\/p>\n<p class=\"read-more\"> <a class=\"\" href=\"https:\/\/sabormarinoamazonas.com\/?page_id=53\"> <span class=\"screen-reader-text\">Nosotros<\/span> Read More &raquo;<\/a><\/p>\n","protected":false},"author":1,"featured_media":0,"parent":0,"menu_order":0,"comment_status":"closed","ping_status":"closed","template":"","meta":{"om_disable_all_campaigns":false,"_monsterinsights_skip_tracking":false,"_monsterinsights_sitenote_active":false,"_monsterinsights_sitenote_note":"","_monsterinsights_sitenote_category":0,"site-sidebar-layout":"no-sidebar","site-content-layout":"plain-container","ast-global-header-display":"","ast-main-header-display":"","ast-hfb-above-header-display":"","ast-hfb-below-header-display":"","ast-hfb-mobile-header-display":"","site-post-title":"disabled","ast-breadcrumbs-content":"","ast-featured-img":"","footer-sml-layout":"","theme-transparent-header-meta":"default","adv-header-id-meta":"","stick-header-meta":"","header-above-stick-meta":"","header-main-stick-meta":"","header-below-stick-meta":""},"uagb_featured_image_src":{"full":false,"thumbnail":false,"medium":false,"medium_large":false,"large":false,"1536x1536":false,"2048x2048":false},"uagb_author_info":{"display_name":"sabormarinobagua","author_link":"https:\/\/sabormarinoamazonas.com\/?author=1"},"uagb_comment_info":0,"uagb_excerpt":"Somos un restaurante con el sabor caracter\u00edstico que el amor y pasi\u00f3n le da a las comidas. Especialistas en platos regionales que podr\u00e1s disfrutar en un ambiente amenizado y m\u00fasica popular.\u00a0Los platos son GRANDES, GENEROSOS y FRESCOS. El Lugar perfecto para disfrutar de cantidades grandes para calmar el hambre. ESPECIALIDAD EN PESCADOS Y MARISCOS Amenidades&hellip;","_links":{"self":[{"href":"https:\/\/sabormarinoamazonas.com\/index.php?rest_route=\/wp\/v2\/pages\/53"}],"collection":[{"href":"https:\/\/sabormarinoamazonas.com\/index.php?rest_route=\/wp\/v2\/pages"}],"about":[{"href":"https:\/\/sabormarinoamazonas.com\/index.php?rest_route=\/wp\/v2\/types\/page"}],"author":[{"embeddable":true,"href":"https:\/\/sabormarinoamazonas.com\/index.php?rest_route=\/wp\/v2\/users\/1"}],"replies":[{"embeddable":true,"href":"https:\/\/sabormarinoamazonas.com\/index.php?rest_route=%2Fwp%2Fv2%2Fcomments&post=53"}],"version-history":[{"count":12,"href":"https:\/\/sabormarinoamazonas.com\/index.php?rest_route=\/wp\/v2\/pages\/53\/revisions"}],"predecessor-version":[{"id":1833,"href":"https:\/\/sabormarinoamazonas.com\/index.php?rest_route=\/wp\/v2\/pages\/53\/revisions\/1833"}],"wp:attachment":[{"href":"https:\/\/sabormarinoamazonas.com\/index.php?rest_route=%2Fwp%2Fv2%2Fmedia&parent=53"}],"curies":[{"name":"wp","href":"https:\/\/api.w.org\/{rel}","templated":true}]}}